{"id":75,"date":"2018-03-07T03:34:13","date_gmt":"2018-03-07T03:34:13","guid":{"rendered":"https:\/\/import.themovation.com\/golf\/course\/?page_id=51"},"modified":"2020-06-15T14:41:01","modified_gmt":"2020-06-15T13:41:01","slug":"euroregion-elbe-labe","status":"publish","type":"page","link":"https:\/\/elbe-labe-masters.de\/cs\/euroregion-elbe-labe\/","title":{"rendered":"Euroregion Elbe\/Labe"},"content":{"rendered":"<div data-elementor-type=\"wp-post\" data-elementor-id=\"75\" class=\"elementor elementor-75\" data-elementor-post-type=\"page\">\n\t\t\t\t\t\t<section class=\"elementor-section elementor-top-section elementor-element elementor-element-6b2ed49c elementor-section-height-min-height elementor-section-full_width elementor-section-height-default elementor-section-items-middle elementor-invisible\" data-id=\"6b2ed49c\" data-element_type=\"section\" data-e-type=\"section\" data-settings=\"{&quot;background_background&quot;:&quot;classic&quot;,&quot;animation&quot;:&quot;fadeIn&quot;}\">\n\t\t\t\t\t\t\t<div class=\"elementor-background-overlay\"><\/div>\n\t\t\t\t\t\t\t<div class=\"elementor-container elementor-column-gap-default\">\n\t\t\t\t\t<div class=\"elementor-column elementor-col-100 elementor-top-column elementor-element elementor-element-54724838\" data-id=\"54724838\" data-element_type=\"column\" data-e-type=\"column\">\n\t\t\t<div class=\"elementor-widget-wrap elementor-element-populated\">\n\t\t\t\t\t\t<div class=\"elementor-element elementor-element-497a0221 elementor-view-default elementor-position-top elementor-invisible elementor-widget elementor-widget-themo-header\" data-id=\"497a0221\" data-element_type=\"widget\" data-e-type=\"widget\" data-settings=\"{&quot;_animation&quot;:&quot;fadeInUp&quot;,&quot;_animation_delay&quot;:600}\" data-widget_type=\"themo-header.default\">\n\t\t\t\t<div class=\"elementor-widget-container\">\n\t\t\t\t\t\t\t<div class=\"th-header-wrap\">\n        <div class=\"elementor-icon-box-wrapper\">\n                            <div class=\"elementor-icon-box-content\">\n                    <h1 class=\"elementor-icon-box-title\">\n                        Euroregion Elbe\/Labe                    <\/h1>\n                                        <p class=\"elementor-icon-box-description\"><\/p>\n\n                                    <\/div>\n            <\/div>\n\n        <\/div>\n\n\t\t\t\t\t\t<\/div>\n\t\t\t\t<\/div>\n\t\t\t\t<div class=\"elementor-element elementor-element-5290746 elementor-view-default elementor-position-top elementor-invisible elementor-widget elementor-widget-themo-header\" data-id=\"5290746\" data-element_type=\"widget\" data-e-type=\"widget\" data-settings=\"{&quot;_animation&quot;:&quot;fadeInUp&quot;,&quot;_animation_delay&quot;:700}\" data-widget_type=\"themo-header.default\">\n\t\t\t\t<div class=\"elementor-widget-container\">\n\t\t\t\t\t\t\t<div class=\"th-header-wrap\">\n        <div class=\"elementor-icon-box-wrapper\">\n                            <div class=\"elementor-icon-box-content\">\n                    <h1 class=\"elementor-icon-box-title\">\n                                            <\/h1>\n                                        <p class=\"elementor-icon-box-description\">Nezn\u00e1m\u00e1 kr\u00e1sa<\/p>\n\n                                    <\/div>\n            <\/div>\n\n        <\/div>\n\n\t\t\t\t\t\t<\/div>\n\t\t\t\t<\/div>\n\t\t\t\t<div class=\"elementor-element elementor-element-b7808ea th-btn-align-center elementor-invisible elementor-widget elementor-widget-themo-button\" data-id=\"b7808ea\" data-element_type=\"widget\" data-e-type=\"widget\" data-settings=\"{&quot;_animation&quot;:&quot;fadeInUp&quot;,&quot;_animation_delay&quot;:800}\" data-widget_type=\"themo-button.default\">\n\t\t\t\t<div class=\"elementor-widget-container\">\n\t\t\t\t\t\n                \t\t\t<a class=\"btn-1 btn th-btn btn-standard-light\" href=\"#euroregion\">\n\t\t\t\t\t\t\t\t\tV\u00edce o regionu\t\t\t\t\t\t\t<\/a>\n\t\t\n        \n\t\t\t\t\t\t<\/div>\n\t\t\t\t<\/div>\n\t\t\t\t\t<\/div>\n\t\t<\/div>\n\t\t\t\t\t<\/div>\n\t\t<\/section>\n\t\t\t\t<section class=\"elementor-section elementor-top-section elementor-element elementor-element-c769d57 elementor-section-full_width elementor-section-height-default elementor-section-height-default\" data-id=\"c769d57\" data-element_type=\"section\" data-e-type=\"section\" data-settings=\"{&quot;background_background&quot;:&quot;classic&quot;}\">\n\t\t\t\t\t\t<div class=\"elementor-container elementor-column-gap-default\">\n\t\t\t\t\t<div class=\"elementor-column elementor-col-100 elementor-top-column elementor-element elementor-element-1efb4cbd\" data-id=\"1efb4cbd\" data-element_type=\"column\" data-e-type=\"column\">\n\t\t\t<div class=\"elementor-widget-wrap elementor-element-populated\">\n\t\t\t\t\t\t<div class=\"elementor-element elementor-element-7f4e728 elementor-widget elementor-widget-spacer\" data-id=\"7f4e728\" data-element_type=\"widget\" data-e-type=\"widget\" data-widget_type=\"spacer.default\">\n\t\t\t\t<div class=\"elementor-widget-container\">\n\t\t\t\t\t\t\t<div class=\"elementor-spacer\">\n\t\t\t<div class=\"elementor-spacer-inner\"><\/div>\n\t\t<\/div>\n\t\t\t\t\t\t<\/div>\n\t\t\t\t<\/div>\n\t\t\t\t<div class=\"elementor-element elementor-element-38b3937e elementor-view-default elementor-position-top elementor-widget elementor-widget-themo-header\" data-id=\"38b3937e\" data-element_type=\"widget\" data-e-type=\"widget\" data-widget_type=\"themo-header.default\">\n\t\t\t\t<div class=\"elementor-widget-container\">\n\t\t\t\t\t\t\t<div class=\"th-header-wrap\">\n        <div class=\"elementor-icon-box-wrapper th-show-icon\">\n                            <div class=\"elementor-icon-box-icon th-icon-size-md\">\n                    <span class=\"elementor-icon\">\n                        <i class=\"th-golf golfpack-030-iron-3\" aria-hidden=\"true\" fff><\/i>                    <\/span>\n                <\/div>\n                                <div class=\"elementor-icon-box-content\">\n                    <h2 class=\"elementor-icon-box-title\">\n                        Hospod\u00e1\u0159stv\u00ed, P\u0159\u00edroda, Spole\u010dnost: To jsou p\u0159eshrani\u010dn\u00ed bohatstv\u00ed                    <\/h2>\n                                            <span class=\"th-header-divider\"><\/span>\n                                        <p class=\"elementor-icon-box-description\">5400 \u010dtvere\u010dn\u00edch kilometr\u016f, 1,4 mili\u00f3nu obyvatel, 214 severo\u010desk\u00fdch a 63 sask\u00fdch obc\u00ed: Euroregion Elbe\/Labe je jeden z \u010cesko N\u011bmeck\u00fdch euroregion\u016f.\n\n\u0158eka Labe z\u00e1rove\u0148 prop\u016fj\u010dila jm\u00e9no tomtu regionu. V\u00fdchdn\u00ed Kru\u0161noho\u0159\u00ed, \u010cesk\u00e9 \u0160v\u00fdcarsko, Sask\u00e9 polab\u00ed a\u017e po \u010cesk\u00e9 St\u0159edoho\u0159\u00ed utv\u00e1\u0159\u00ed n\u00e1dhern\u00e9 p\u0159\u00edrodn\u00ed scen\u00e9rie. V\u00edce ne\u017e polovina t\u00e9to krajiny je z\u00e1rove\u0148 p\u0159\u00edrodn\u00ed chr\u00e1n\u011bnou oblast\u00ed. Dohromady se n\u00e1rodn\u00ed parky rozp\u00ednaj\u00ed na pl\u0161e 17 250 hektar\u016f. \n\nAglomerace Dr\u00e1\u017edan a Severn\u00edch \u010cech je tak\u00e9 d\u016fle\u017eit\u00e9 hospod\u00e1\u0159sk\u00e9 centrum. P\u0159eshrani\u010d\u00ed je spojeno d\u00e1lnic\u00ed D8\/A17, vlakov\u00fdm spojen\u00edm Praha-D\u011b\u010d\u00edn-Dr\u00e1\u017edany a tak\u00e9 lodn\u00ed dopravou.<\/p>\n\n                                    <\/div>\n            <\/div>\n\n        <\/div>\n\n\t\t\t\t\t\t<\/div>\n\t\t\t\t<\/div>\n\t\t\t\t<div class=\"elementor-element elementor-element-58702a5d elementor-widget elementor-widget-spacer\" data-id=\"58702a5d\" data-element_type=\"widget\" data-e-type=\"widget\" data-widget_type=\"spacer.default\">\n\t\t\t\t<div class=\"elementor-widget-container\">\n\t\t\t\t\t\t\t<div class=\"elementor-spacer\">\n\t\t\t<div class=\"elementor-spacer-inner\"><\/div>\n\t\t<\/div>\n\t\t\t\t\t\t<\/div>\n\t\t\t\t<\/div>\n\t\t\t\t<div class=\"elementor-element elementor-element-3a9f88a elementor-widget elementor-widget-spacer\" data-id=\"3a9f88a\" data-element_type=\"widget\" data-e-type=\"widget\" data-widget_type=\"spacer.default\">\n\t\t\t\t<div class=\"elementor-widget-container\">\n\t\t\t\t\t\t\t<div class=\"elementor-spacer\">\n\t\t\t<div class=\"elementor-spacer-inner\"><\/div>\n\t\t<\/div>\n\t\t\t\t\t\t<\/div>\n\t\t\t\t<\/div>\n\t\t\t\t\t<\/div>\n\t\t<\/div>\n\t\t\t\t\t<\/div>\n\t\t<\/section>\n\t\t\t\t<section class=\"elementor-section elementor-top-section elementor-element elementor-element-2f085350 elementor-reverse-mobile elementor-section-boxed elementor-section-height-default elementor-section-height-default\" data-id=\"2f085350\" data-element_type=\"section\" data-e-type=\"section\" id=\"euroregion\" data-settings=\"{&quot;background_background&quot;:&quot;classic&quot;}\">\n\t\t\t\t\t\t<div class=\"elementor-container elementor-column-gap-default\">\n\t\t\t\t\t<div class=\"elementor-column elementor-col-33 elementor-top-column elementor-element elementor-element-6db682bd\" data-id=\"6db682bd\" data-element_type=\"column\" data-e-type=\"column\">\n\t\t\t<div class=\"elementor-widget-wrap elementor-element-populated\">\n\t\t\t\t\t\t<div class=\"elementor-element elementor-element-74f93c64 elementor-view-default elementor-widget elementor-widget-themo-header\" data-id=\"74f93c64\" data-element_type=\"widget\" data-e-type=\"widget\" data-widget_type=\"themo-header.default\">\n\t\t\t\t<div class=\"elementor-widget-container\">\n\t\t\t\t\t\t\t<div class=\"th-header-wrap\">\n        <div class=\"elementor-icon-box-wrapper th-show-icon\">\n                            <div class=\"elementor-icon-box-icon th-icon-size-md\">\n                    <span class=\"elementor-icon\">\n                        <i class=\"th-golf golfpack-011-placeholder\" aria-hidden=\"true\" fff><\/i>                    <\/span>\n                <\/div>\n                                <div class=\"elementor-icon-box-content\">\n                    <h3 class=\"elementor-icon-box-title\">\n                                            <\/h3>\n                                        <p class=\"elementor-icon-box-description\">Ji\u017e od roku 1993 je Euroregion Elbe\/Labe \u010dlenem pracovn\u00edho spole\u010denstv\u00ed p\u0159i evropsk\u00e9 unii (AGEG). C\u00edlem tohoto spole\u010denstv\u00ed je podpora a vytvo\u0159en\u00ed vz\u00e1jemn\u00e9 d\u016fv\u011bry p\u0159eshrani\u010dn\u00ed spolupr\u00e1ce ve v\u0161emo\u017en\u00fdch oblastech.<\/p>\n\n                                    <\/div>\n            <\/div>\n\n        <\/div>\n\n\t\t\t\t\t\t<\/div>\n\t\t\t\t<\/div>\n\t\t\t\t<div class=\"elementor-element elementor-element-31dd3a31 elementor-widget elementor-widget-spacer\" data-id=\"31dd3a31\" data-element_type=\"widget\" data-e-type=\"widget\" data-widget_type=\"spacer.default\">\n\t\t\t\t<div class=\"elementor-widget-container\">\n\t\t\t\t\t\t\t<div class=\"elementor-spacer\">\n\t\t\t<div class=\"elementor-spacer-inner\"><\/div>\n\t\t<\/div>\n\t\t\t\t\t\t<\/div>\n\t\t\t\t<\/div>\n\t\t\t\t\t<\/div>\n\t\t<\/div>\n\t\t\t\t<div class=\"elementor-column elementor-col-66 elementor-top-column elementor-element elementor-element-2b2e4aee\" data-id=\"2b2e4aee\" data-element_type=\"column\" data-e-type=\"column\">\n\t\t\t<div class=\"elementor-widget-wrap elementor-element-populated\">\n\t\t\t\t\t\t<div class=\"elementor-element elementor-element-6deb22a4 elementor-widget elementor-widget-spacer\" data-id=\"6deb22a4\" data-element_type=\"widget\" data-e-type=\"widget\" data-widget_type=\"spacer.default\">\n\t\t\t\t<div class=\"elementor-widget-container\">\n\t\t\t\t\t\t\t<div class=\"elementor-spacer\">\n\t\t\t<div class=\"elementor-spacer-inner\"><\/div>\n\t\t<\/div>\n\t\t\t\t\t\t<\/div>\n\t\t\t\t<\/div>\n\t\t\t\t<div class=\"elementor-element elementor-element-4f9adca3 elementor-invisible elementor-widget elementor-widget-image\" data-id=\"4f9adca3\" data-element_type=\"widget\" data-e-type=\"widget\" data-settings=\"{&quot;_animation&quot;:&quot;fadeInRight&quot;}\" data-widget_type=\"image.default\">\n\t\t\t\t<div class=\"elementor-widget-container\">\n\t\t\t\t\t\t\t\t\t\t\t\t\t\t\t<img fetchpriority=\"high\" decoding=\"async\" width=\"605\" height=\"340\" src=\"https:\/\/elbe-labe-masters.de\/wp-content\/uploads\/2019\/02\/elbe-sandstone-mountains-1495735_1920.jpg\" class=\"elementor-animation-bob attachment-th_img_md_landscape size-th_img_md_landscape wp-image-595\" alt=\"\" srcset=\"https:\/\/elbe-labe-masters.de\/wp-content\/uploads\/2019\/02\/elbe-sandstone-mountains-1495735_1920.jpg 1920w, https:\/\/elbe-labe-masters.de\/wp-content\/uploads\/2019\/02\/elbe-sandstone-mountains-1495735_1920-300x169.jpg 300w, https:\/\/elbe-labe-masters.de\/wp-content\/uploads\/2019\/02\/elbe-sandstone-mountains-1495735_1920-1024x576.jpg 1024w, https:\/\/elbe-labe-masters.de\/wp-content\/uploads\/2019\/02\/elbe-sandstone-mountains-1495735_1920-600x338.jpg 600w\" sizes=\"(max-width: 605px) 100vw, 605px\" \/>\t\t\t\t\t\t\t\t\t\t\t\t\t\t\t<\/div>\n\t\t\t\t<\/div>\n\t\t\t\t\t<\/div>\n\t\t<\/div>\n\t\t\t\t\t<\/div>\n\t\t<\/section>\n\t\t\t\t<section class=\"elementor-section elementor-top-section elementor-element elementor-element-6234a8cd elementor-section-boxed elementor-section-height-default elementor-section-height-default\" data-id=\"6234a8cd\" data-element_type=\"section\" data-e-type=\"section\" data-settings=\"{&quot;background_background&quot;:&quot;classic&quot;}\">\n\t\t\t\t\t\t<div class=\"elementor-container elementor-column-gap-default\">\n\t\t\t\t\t<div class=\"elementor-column elementor-col-66 elementor-top-column elementor-element elementor-element-5595375d\" data-id=\"5595375d\" data-element_type=\"column\" data-e-type=\"column\">\n\t\t\t<div class=\"elementor-widget-wrap elementor-element-populated\">\n\t\t\t\t\t\t<div class=\"elementor-element elementor-element-ba25cac elementor-invisible elementor-widget elementor-widget-image\" data-id=\"ba25cac\" data-element_type=\"widget\" data-e-type=\"widget\" data-settings=\"{&quot;_animation&quot;:&quot;fadeInLeft&quot;}\" data-widget_type=\"image.default\">\n\t\t\t\t<div class=\"elementor-widget-container\">\n\t\t\t\t\t\t\t\t\t\t\t\t\t\t\t<img decoding=\"async\" data-src=\"https:\/\/elbe-labe-masters.de\/wp-content\/uploads\/elementor\/thumbs\/schrammsteine-2942491_1920-qv9e24cs6cittvcj93awr13xt98wb9ahi5sv4x3p2g.jpg\" title=\"schrammsteine-2942491_1920\" alt=\"schrammsteine-2942491_1920\" class=\"elementor-animation-bob lazyload\" src=\"data:image\/svg+xml;base64,PHN2ZyB3aWR0aD0iMSIgaGVpZ2h0PSIxIiB4bWxucz0iaHR0cDovL3d3dy53My5vcmcvMjAwMC9zdmciPjwvc3ZnPg==\" style=\"--smush-placeholder-width: 915px; --smush-placeholder-aspect-ratio: 915\/612;\" \/>\t\t\t\t\t\t\t\t\t\t\t\t\t\t\t<\/div>\n\t\t\t\t<\/div>\n\t\t\t\t<div class=\"elementor-element elementor-element-59750419 elementor-widget elementor-widget-spacer\" data-id=\"59750419\" data-element_type=\"widget\" data-e-type=\"widget\" data-widget_type=\"spacer.default\">\n\t\t\t\t<div class=\"elementor-widget-container\">\n\t\t\t\t\t\t\t<div class=\"elementor-spacer\">\n\t\t\t<div class=\"elementor-spacer-inner\"><\/div>\n\t\t<\/div>\n\t\t\t\t\t\t<\/div>\n\t\t\t\t<\/div>\n\t\t\t\t\t<\/div>\n\t\t<\/div>\n\t\t\t\t<div class=\"elementor-column elementor-col-33 elementor-top-column elementor-element elementor-element-6a4ea543\" data-id=\"6a4ea543\" data-element_type=\"column\" data-e-type=\"column\">\n\t\t\t<div class=\"elementor-widget-wrap elementor-element-populated\">\n\t\t\t\t\t\t<div class=\"elementor-element elementor-element-20b7edad elementor-widget elementor-widget-spacer\" data-id=\"20b7edad\" data-element_type=\"widget\" data-e-type=\"widget\" data-widget_type=\"spacer.default\">\n\t\t\t\t<div class=\"elementor-widget-container\">\n\t\t\t\t\t\t\t<div class=\"elementor-spacer\">\n\t\t\t<div class=\"elementor-spacer-inner\"><\/div>\n\t\t<\/div>\n\t\t\t\t\t\t<\/div>\n\t\t\t\t<\/div>\n\t\t\t\t<div class=\"elementor-element elementor-element-28a2e0b elementor-view-default elementor-widget elementor-widget-themo-header\" data-id=\"28a2e0b\" data-element_type=\"widget\" data-e-type=\"widget\" data-widget_type=\"themo-header.default\">\n\t\t\t\t<div class=\"elementor-widget-container\">\n\t\t\t\t\t\t\t<div class=\"th-header-wrap\">\n        <div class=\"elementor-icon-box-wrapper th-show-icon\">\n                            <div class=\"elementor-icon-box-icon th-icon-size-md\">\n                    <span class=\"elementor-icon\">\n                        <i class=\"th-trip travelpack-compass\" aria-hidden=\"true\" fff><\/i>                    <\/span>\n                <\/div>\n                                <div class=\"elementor-icon-box-content\">\n                    <h3 class=\"elementor-icon-box-title\">\n                                            <\/h3>\n                                        <p class=\"elementor-icon-box-description\">Mezi lidsk\u00e9 vztahy se zde buduj\u00ed ji\u017e stovky let. Ve smyslu sjednocov\u00e1n\u00ed Evropy se je proto sna\u017e\u00ed Evropsk\u00e1 \u00fanie podporovat.\n\n\n<\/p>\n\n                                    <\/div>\n            <\/div>\n\n        <\/div>\n\n\t\t\t\t\t\t<\/div>\n\t\t\t\t<\/div>\n\t\t\t\t\t<\/div>\n\t\t<\/div>\n\t\t\t\t\t<\/div>\n\t\t<\/section>\n\t\t\t\t<section class=\"elementor-section elementor-top-section elementor-element elementor-element-6d650b44 elementor-section-full_width elementor-section-height-default elementor-section-height-default\" data-id=\"6d650b44\" data-element_type=\"section\" data-e-type=\"section\" data-settings=\"{&quot;background_background&quot;:&quot;classic&quot;}\">\n\t\t\t\t\t\t<div class=\"elementor-container elementor-column-gap-no\">\n\t\t\t\t\t<div class=\"elementor-column elementor-col-100 elementor-top-column elementor-element elementor-element-618ed035\" data-id=\"618ed035\" data-element_type=\"column\" data-e-type=\"column\">\n\t\t\t<div class=\"elementor-widget-wrap elementor-element-populated\">\n\t\t\t\t\t\t<div class=\"elementor-element elementor-element-5fe2bbc1 elementor-widget elementor-widget-themo-google-maps\" data-id=\"5fe2bbc1\" data-element_type=\"widget\" data-e-type=\"widget\" data-widget_type=\"themo-google-maps.default\">\n\t\t\t\t<div class=\"elementor-widget-container\">\n\t\t\t\t\t        <div class=\"container th-gmap-wrap\">\n            <div class=\"map-info\">\n                <h3>Organiz\u00e1tor<\/h3>\n                <div class='th-gmap-address'><p>Die Sportwerk GmbH<br \/>\nStechgrundstra\u00dfe 2a<br \/>\n01324 Dresden<\/p>\n<\/div>\n                \n                                <div class=\"th-gmap-links\">\n                                            <a href=\"tel:+4935121246460\">vol\u00e1n\u00ed<\/a>\n                    \n                                            <a href=\"mailto:hallo@die-sportwerk.gmbh\">E-Mail schreiben<\/a>\n                                    <\/div>\n                \n            <\/div>\n        <\/div>\n\n\t\t<div class=\"th-map\" id=\"th-map-1\" data-map-api=\"AIzaSyCvmpra8JO1qBcCC_p_NPGk995bT6VLPSk\" data-map-latitude=\"51.0736225\" data-map-longitude=\"13.7339836\" data-map-zoom=\"13\" data-map-scroll=\"false\" data-map-style='[{\"elementType\":\"geometry\",\"stylers\":[{\"color\":\"#ebe3cd\"}]},{\"elementType\":\"labels.text.fill\",\"stylers\":[{\"color\":\"#523735\"}]},{\"elementType\":\"labels.text.stroke\",\"stylers\":[{\"color\":\"#f5f1e6\"}]},{\"featureType\":\"administrative\",\"elementType\":\"geometry.stroke\",\"stylers\":[{\"color\":\"#c9b2a6\"}]},{\"featureType\":\"administrative.land_parcel\",\"elementType\":\"geometry.stroke\",\"stylers\":[{\"color\":\"#dcd2be\"}]},{\"featureType\":\"administrative.land_parcel\",\"elementType\":\"labels.text.fill\",\"stylers\":[{\"color\":\"#ae9e90\"}]},{\"featureType\":\"landscape.natural\",\"elementType\":\"geometry\",\"stylers\":[{\"color\":\"#dfd2ae\"}]},{\"featureType\":\"poi\",\"elementType\":\"geometry\",\"stylers\":[{\"color\":\"#dfd2ae\"}]},{\"featureType\":\"poi\",\"elementType\":\"labels.text.fill\",\"stylers\":[{\"color\":\"#93817c\"}]},{\"featureType\":\"poi.park\",\"elementType\":\"geometry.fill\",\"stylers\":[{\"color\":\"#a5b076\"}]},{\"featureType\":\"poi.park\",\"elementType\":\"labels.text.fill\",\"stylers\":[{\"color\":\"#447530\"}]},{\"featureType\":\"road\",\"elementType\":\"geometry\",\"stylers\":[{\"color\":\"#f5f1e6\"}]},{\"featureType\":\"road.arterial\",\"elementType\":\"geometry\",\"stylers\":[{\"color\":\"#fdfcf8\"}]},{\"featureType\":\"road.highway\",\"elementType\":\"geometry\",\"stylers\":[{\"color\":\"#f8c967\"}]},{\"featureType\":\"road.highway\",\"elementType\":\"geometry.stroke\",\"stylers\":[{\"color\":\"#e9bc62\"}]},{\"featureType\":\"road.highway.controlled_access\",\"elementType\":\"geometry\",\"stylers\":[{\"color\":\"#e98d58\"}]},{\"featureType\":\"road.highway.controlled_access\",\"elementType\":\"geometry.stroke\",\"stylers\":[{\"color\":\"#db8555\"}]},{\"featureType\":\"road.local\",\"elementType\":\"labels.text.fill\",\"stylers\":[{\"color\":\"#806b63\"}]},{\"featureType\":\"transit.line\",\"elementType\":\"geometry\",\"stylers\":[{\"color\":\"#dfd2ae\"}]},{\"featureType\":\"transit.line\",\"elementType\":\"labels.text.fill\",\"stylers\":[{\"color\":\"#8f7d77\"}]},{\"featureType\":\"transit.line\",\"elementType\":\"labels.text.stroke\",\"stylers\":[{\"color\":\"#ebe3cd\"}]},{\"featureType\":\"transit.station\",\"elementType\":\"geometry\",\"stylers\":[{\"color\":\"#dfd2ae\"}]},{\"featureType\":\"water\",\"elementType\":\"geometry.fill\",\"stylers\":[{\"color\":\"#b9d3c2\"}]},{\"featureType\":\"water\",\"elementType\":\"labels.text.fill\",\"stylers\":[{\"color\":\"#92998d\"}]}]'><\/div>\n\n\t\t\n\t\t\t\t\t\t<\/div>\n\t\t\t\t<\/div>\n\t\t\t\t\t<\/div>\n\t\t<\/div>\n\t\t\t\t\t<\/div>\n\t\t<\/section>\n\t\t\t\t<\/div>","protected":false},"excerpt":{"rendered":"<p>Euroregion Elbe\/Labe Unbekannte Sch\u00f6nheit im Focus Entdecken Wirtschaft, Natur, Gesellschaft: Grenz\u00fcberschreitender Facettenreichtum 5400 Quadratkilometer, 1,4 Millionen Bewohner, 214 nordb\u00f6hmische sowie 63 s\u00e4chsische Gemeinden: Die Euroregion Elbe\/Labe ist eine der Europaregionen mit deutschem und tschechischem Anteil. Der Fluss Elbe (tschechisch: Labe) &hellip; <a href=\"https:\/\/elbe-labe-masters.de\/cs\/euroregion-elbe-labe\/\">Read More<\/a><\/p>","protected":false},"author":6,"featured_media":0,"parent":0,"menu_order":26,"comment_status":"closed","ping_status":"closed","template":"","meta":{"footnotes":""},"class_list":["post-75","page","type-page","status-publish","hentry"],"_links":{"self":[{"href":"https:\/\/elbe-labe-masters.de\/cs\/wp-json\/wp\/v2\/pages\/75","targetHints":{"allow":["GET"]}}],"collection":[{"href":"https:\/\/elbe-labe-masters.de\/cs\/wp-json\/wp\/v2\/pages"}],"about":[{"href":"https:\/\/elbe-labe-masters.de\/cs\/wp-json\/wp\/v2\/types\/page"}],"author":[{"embeddable":true,"href":"https:\/\/elbe-labe-masters.de\/cs\/wp-json\/wp\/v2\/users\/6"}],"replies":[{"embeddable":true,"href":"https:\/\/elbe-labe-masters.de\/cs\/wp-json\/wp\/v2\/comments?post=75"}],"version-history":[{"count":0,"href":"https:\/\/elbe-labe-masters.de\/cs\/wp-json\/wp\/v2\/pages\/75\/revisions"}],"wp:attachment":[{"href":"https:\/\/elbe-labe-masters.de\/cs\/wp-json\/wp\/v2\/media?parent=75"}],"curies":[{"name":"wp","href":"https:\/\/api.w.org\/{rel}","templated":true}]}}