{"id":2223,"date":"2019-05-21T16:06:29","date_gmt":"2019-05-21T15:06:29","guid":{"rendered":"https:\/\/elbe-labe-masters.de\/?page_id=2223"},"modified":"2019-09-26T08:00:42","modified_gmt":"2019-09-26T07:00:42","slug":"gesamtwertung","status":"publish","type":"page","link":"https:\/\/elbe-labe-masters.de\/cs\/gesamtwertung\/","title":{"rendered":"\u017deb\u0159\u00ed\u010dek"},"content":{"rendered":"<div data-elementor-type=\"wp-post\" data-elementor-id=\"2223\" class=\"elementor elementor-2223\" data-elementor-post-type=\"page\">\n\t\t\t\t\t\t<section class=\"elementor-section elementor-top-section elementor-element elementor-element-c431ce1 elementor-section-boxed elementor-section-height-default elementor-section-height-default\" data-id=\"c431ce1\" data-element_type=\"section\" data-e-type=\"section\">\n\t\t\t\t\t\t<div class=\"elementor-container elementor-column-gap-default\">\n\t\t\t\t\t<div class=\"elementor-column elementor-col-100 elementor-top-column elementor-element elementor-element-08f01c1\" data-id=\"08f01c1\" data-element_type=\"column\" data-e-type=\"column\">\n\t\t\t<div class=\"elementor-widget-wrap elementor-element-populated\">\n\t\t\t\t\t\t<div class=\"elementor-element elementor-element-4bd78d0 elementor-widget elementor-widget-heading\" data-id=\"4bd78d0\" data-element_type=\"widget\" data-e-type=\"widget\" data-widget_type=\"heading.default\">\n\t\t\t\t<div class=\"elementor-widget-container\">\n\t\t\t\t\t<h2 class=\"elementor-heading-title elementor-size-default\">Handicap 0 - 14,9<\/h2>\t\t\t\t<\/div>\n\t\t\t\t<\/div>\n\t\t\t\t<div class=\"elementor-element elementor-element-09b05ab elementor-widget elementor-widget-shortcode\" data-id=\"09b05ab\" data-element_type=\"widget\" data-e-type=\"widget\" data-widget_type=\"shortcode.default\">\n\t\t\t\t<div class=\"elementor-widget-container\">\n\t\t\t\t\t\t\t<div class=\"elementor-shortcode\">[gdoc key=\"https:\/\/docs.google.com\/spreadsheets\/d\/1DVZgAgN7HBFqzgVieMtYur7W4Ue3XzNqEfJKon3jbK0\/edit?usp=sharing\" datatables_searching=\"false\" \nuse_cache=\"no\"\ndatatables_paging=\"false\" datatables_dom=\u201crt\u201d]<\/div>\n\t\t\t\t\t\t<\/div>\n\t\t\t\t<\/div>\n\t\t\t\t<div class=\"elementor-element elementor-element-179c760 elementor-widget elementor-widget-spacer\" data-id=\"179c760\" data-element_type=\"widget\" data-e-type=\"widget\" data-widget_type=\"spacer.default\">\n\t\t\t\t<div class=\"elementor-widget-container\">\n\t\t\t\t\t\t\t<div class=\"elementor-spacer\">\n\t\t\t<div class=\"elementor-spacer-inner\"><\/div>\n\t\t<\/div>\n\t\t\t\t\t\t<\/div>\n\t\t\t\t<\/div>\n\t\t\t\t<div class=\"elementor-element elementor-element-ddc07a8 elementor-widget elementor-widget-heading\" data-id=\"ddc07a8\" data-element_type=\"widget\" data-e-type=\"widget\" data-widget_type=\"heading.default\">\n\t\t\t\t<div class=\"elementor-widget-container\">\n\t\t\t\t\t<h2 class=\"elementor-heading-title elementor-size-default\">Handicap 15 - 22<\/h2>\t\t\t\t<\/div>\n\t\t\t\t<\/div>\n\t\t\t\t<div class=\"elementor-element elementor-element-5de9763 elementor-widget elementor-widget-shortcode\" data-id=\"5de9763\" data-element_type=\"widget\" data-e-type=\"widget\" data-widget_type=\"shortcode.default\">\n\t\t\t\t<div class=\"elementor-widget-container\">\n\t\t\t\t\t\t\t<div class=\"elementor-shortcode\">[gdoc key=\"https:\/\/docs.google.com\/spreadsheets\/d\/1C-3f_GQRs0Rjly0ew-lRXlr9z3nMDR_mXaDQrNbrTg8\/edit?usp=sharing\" datatables_searching=\"false\" \nuse_cache=\"no\"\ndatatables_paging=\"false\" datatables_dom=\u201crt\u201d]<\/div>\n\t\t\t\t\t\t<\/div>\n\t\t\t\t<\/div>\n\t\t\t\t<div class=\"elementor-element elementor-element-b0bb528 elementor-widget elementor-widget-spacer\" data-id=\"b0bb528\" data-element_type=\"widget\" data-e-type=\"widget\" data-widget_type=\"spacer.default\">\n\t\t\t\t<div class=\"elementor-widget-container\">\n\t\t\t\t\t\t\t<div class=\"elementor-spacer\">\n\t\t\t<div class=\"elementor-spacer-inner\"><\/div>\n\t\t<\/div>\n\t\t\t\t\t\t<\/div>\n\t\t\t\t<\/div>\n\t\t\t\t<div class=\"elementor-element elementor-element-966c2e2 elementor-widget elementor-widget-heading\" data-id=\"966c2e2\" data-element_type=\"widget\" data-e-type=\"widget\" data-widget_type=\"heading.default\">\n\t\t\t\t<div class=\"elementor-widget-container\">\n\t\t\t\t\t<h2 class=\"elementor-heading-title elementor-size-default\">Handicap 22,4 - 54<\/h2>\t\t\t\t<\/div>\n\t\t\t\t<\/div>\n\t\t\t\t<div class=\"elementor-element elementor-element-6058420 elementor-widget elementor-widget-shortcode\" data-id=\"6058420\" data-element_type=\"widget\" data-e-type=\"widget\" data-widget_type=\"shortcode.default\">\n\t\t\t\t<div class=\"elementor-widget-container\">\n\t\t\t\t\t\t\t<div class=\"elementor-shortcode\">[gdoc key=\"https:\/\/docs.google.com\/spreadsheets\/d\/1XJvKE7Or0_rLTOmdxU7E_1sioMsIENhzOdbAeQaS4qQ\/edit?usp=sharing\" datatables_searching=\"false\" \nuse_cache=\"no\"\ndatatables_paging=\"false\" datatables_dom=\u201crt\u201d]<\/div>\n\t\t\t\t\t\t<\/div>\n\t\t\t\t<\/div>\n\t\t\t\t\t<\/div>\n\t\t<\/div>\n\t\t\t\t\t<\/div>\n\t\t<\/section>\n\t\t\t\t<\/div>","protected":false},"excerpt":{"rendered":"<p>Handicap 0 &#8211; 14,9 [gdoc key=&#8220;https:\/\/docs.google.com\/spreadsheets\/d\/1DVZgAgN7HBFqzgVieMtYur7W4Ue3XzNqEfJKon3jbK0\/edit?usp=sharing&#8220; datatables_searching=&#8220;false&#8220; use_cache=&#8220;no&#8220; datatables_paging=&#8220;false&#8220; datatables_dom=\u201crt\u201d] Handicap 15 &#8211; 22 [gdoc key=&#8220;https:\/\/docs.google.com\/spreadsheets\/d\/1C-3f_GQRs0Rjly0ew-lRXlr9z3nMDR_mXaDQrNbrTg8\/edit?usp=sharing&#8220; datatables_searching=&#8220;false&#8220; use_cache=&#8220;no&#8220; datatables_paging=&#8220;false&#8220; datatables_dom=\u201crt\u201d] Handicap 22,4 &#8211; 54 [gdoc key=&#8220;https:\/\/docs.google.com\/spreadsheets\/d\/1XJvKE7Or0_rLTOmdxU7E_1sioMsIENhzOdbAeQaS4qQ\/edit?usp=sharing&#8220; datatables_searching=&#8220;false&#8220; use_cache=&#8220;no&#8220; datatables_paging=&#8220;false&#8220; datatables_dom=\u201crt\u201d]<\/p>","protected":false},"author":6,"featured_media":0,"parent":0,"menu_order":0,"comment_status":"closed","ping_status":"closed","template":"","meta":{"footnotes":""},"class_list":["post-2223","page","type-page","status-publish","hentry"],"_links":{"self":[{"href":"https:\/\/elbe-labe-masters.de\/cs\/wp-json\/wp\/v2\/pages\/2223","targetHints":{"allow":["GET"]}}],"collection":[{"href":"https:\/\/elbe-labe-masters.de\/cs\/wp-json\/wp\/v2\/pages"}],"about":[{"href":"https:\/\/elbe-labe-masters.de\/cs\/wp-json\/wp\/v2\/types\/page"}],"author":[{"embeddable":true,"href":"https:\/\/elbe-labe-masters.de\/cs\/wp-json\/wp\/v2\/users\/6"}],"replies":[{"embeddable":true,"href":"https:\/\/elbe-labe-masters.de\/cs\/wp-json\/wp\/v2\/comments?post=2223"}],"version-history":[{"count":0,"href":"https:\/\/elbe-labe-masters.de\/cs\/wp-json\/wp\/v2\/pages\/2223\/revisions"}],"wp:attachment":[{"href":"https:\/\/elbe-labe-masters.de\/cs\/wp-json\/wp\/v2\/media?parent=2223"}],"curies":[{"name":"wp","href":"https:\/\/api.w.org\/{rel}","templated":true}]}}